{"id":759,"date":"2023-02-26T10:57:28","date_gmt":"2023-02-26T09:57:28","guid":{"rendered":"https:\/\/piotrwolanski.pl\/?page_id=759"},"modified":"2023-02-26T11:52:57","modified_gmt":"2023-02-26T10:52:57","slug":"galeria-rozne","status":"publish","type":"page","link":"https:\/\/piotrwolanski.pl\/en\/galerie\/galeria-rozne\/","title":{"rendered":"Galeria &#8211; R\u00f3\u017cne"},"content":{"rendered":"<div data-elementor-type=\"wp-page\" data-elementor-id=\"759\" class=\"elementor elementor-759\" data-elementor-settings=\"{&quot;ha_cmc_init_switcher&quot;:&quot;no&quot;}\">\n\t\t\t\t\t\t<section class=\"elementor-section elementor-top-section elementor-element elementor-element-c874ff5 elementor-section-boxed elementor-section-height-default elementor-section-height-default\" data-id=\"c874ff5\" data-element_type=\"section\" data-settings=\"{&quot;_ha_eqh_enable&quot;:false}\">\n\t\t\t\t\t\t<div class=\"elementor-container elementor-column-gap-default\">\n\t\t\t\t\t<div class=\"elementor-column elementor-col-100 elementor-top-column elementor-element elementor-element-79ac4ce\" data-id=\"79ac4ce\" data-element_type=\"column\">\n\t\t\t<div class=\"elementor-widget-wrap elementor-element-populated\">\n\t\t\t\t\t\t<div class=\"elementor-element elementor-element-9a143ce elementor-widget elementor-widget-heading\" data-id=\"9a143ce\" data-element_type=\"widget\" data-widget_type=\"heading.default\">\n\t\t\t\t<div class=\"elementor-widget-container\">\n\t\t\t\t\t<h2 class=\"elementor-heading-title elementor-size-default\">Miscellaneous<\/h2>\t\t\t\t<\/div>\n\t\t\t\t<\/div>\n\t\t\t\t\t<\/div>\n\t\t<\/div>\n\t\t\t\t\t<\/div>\n\t\t<\/section>\n\t\t\t\t<section class=\"elementor-section elementor-top-section elementor-element elementor-element-a46187c elementor-section-boxed elementor-section-height-default elementor-section-height-default\" data-id=\"a46187c\" data-element_type=\"section\" data-settings=\"{&quot;_ha_eqh_enable&quot;:false}\">\n\t\t\t\t\t\t<div class=\"elementor-container elementor-column-gap-default\">\n\t\t\t\t\t<div class=\"elementor-column elementor-col-100 elementor-top-column elementor-element elementor-element-40d130a elementor-invisible\" data-id=\"40d130a\" data-element_type=\"column\" data-settings=\"{&quot;animation&quot;:&quot;zoomIn&quot;}\">\n\t\t\t<div class=\"elementor-widget-wrap elementor-element-populated\">\n\t\t\t\t\t\t<div class=\"elementor-element elementor-element-2855cd8 gallery-spacing-custom elementor-widget__width-inherit elementor-invisible elementor-widget elementor-widget-image-gallery\" data-id=\"2855cd8\" data-element_type=\"widget\" data-settings=\"{&quot;_animation&quot;:&quot;zoomIn&quot;,&quot;ha_floating_fx&quot;:&quot;yes&quot;,&quot;_animation_delay&quot;:400}\" data-widget_type=\"image-gallery.default\">\n\t\t\t\t<div class=\"elementor-widget-container\">\n\t\t\t\t\t\t\t<div class=\"elementor-image-gallery\">\n\t\t\t<div id='gallery-1' class='gallery galleryid-759 gallery-columns-3 gallery-size-full'><figure class='gallery-item'>\n\t\t\t<div class='gallery-icon landscape'>\n\t\t\t\t<a data-elementor-open-lightbox=\"yes\" data-elementor-lightbox-slideshow=\"2855cd8\" data-elementor-lightbox-title=\"Obraz37\" data-elementor-lightbox-description=\"Z przewodnicz\u0105cym delegacji Nigerii oraz cz\u0142onkami delegacji Polskiej w ONZ w Wiedniu\" data-e-action-hash=\"#elementor-action%3Aaction%3Dlightbox%26settings%3DeyJpZCI6NzgwLCJ1cmwiOiJodHRwczpcL1wvcGlvdHJ3b2xhbnNraS5wbFwvd3AtY29udGVudFwvdXBsb2Fkc1wvMjAyM1wvMDJcL09icmF6MzcuanBnIiwic2xpZGVzaG93IjoiMjg1NWNkOCJ9\" href='https:\/\/piotrwolanski.pl\/wp-content\/uploads\/2023\/02\/Obraz37.jpg'><img fetchpriority=\"high\" decoding=\"async\" width=\"1386\" height=\"1040\" src=\"https:\/\/piotrwolanski.pl\/wp-content\/uploads\/2023\/02\/Obraz37.jpg\" class=\"attachment-full size-full\" alt=\"\" aria-describedby=\"gallery-1-780\" srcset=\"https:\/\/piotrwolanski.pl\/wp-content\/uploads\/2023\/02\/Obraz37.jpg 1386w, https:\/\/piotrwolanski.pl\/wp-content\/uploads\/2023\/02\/Obraz37-300x225.jpg 300w, https:\/\/piotrwolanski.pl\/wp-content\/uploads\/2023\/02\/Obraz37-1024x768.jpg 1024w, https:\/\/piotrwolanski.pl\/wp-content\/uploads\/2023\/02\/Obraz37-768x576.jpg 768w, https:\/\/piotrwolanski.pl\/wp-content\/uploads\/2023\/02\/Obraz37-16x12.jpg 16w\" sizes=\"(max-width: 1386px) 100vw, 1386px\" \/><\/a>\n\t\t\t<\/div>\n\t\t\t\t<figcaption class='wp-caption-text gallery-caption' id='gallery-1-780'>\n\t\t\t\tWith Head of the Nigeria to the UN COPUOS and members of the Polish Delegation\n\t\t\t\t<\/figcaption><\/figure><figure class='gallery-item'>\n\t\t\t<div class='gallery-icon landscape'>\n\t\t\t\t<a data-elementor-open-lightbox=\"yes\" data-elementor-lightbox-slideshow=\"2855cd8\" data-elementor-lightbox-title=\"Obraz38\" data-elementor-lightbox-description=\"Uroczysto\u015b\u0107 przyznania Medalu Politechniki Warszawskiej \u2013 Nr.39, z JM Rektorem PW Prof. Janem Szmidtem (2014)\" data-e-action-hash=\"#elementor-action%3Aaction%3Dlightbox%26settings%3DeyJpZCI6NzgxLCJ1cmwiOiJodHRwczpcL1wvcGlvdHJ3b2xhbnNraS5wbFwvd3AtY29udGVudFwvdXBsb2Fkc1wvMjAyM1wvMDJcL09icmF6MzguanBnIiwic2xpZGVzaG93IjoiMjg1NWNkOCJ9\" href='https:\/\/piotrwolanski.pl\/wp-content\/uploads\/2023\/02\/Obraz38.jpg'><img decoding=\"async\" width=\"1386\" height=\"1005\" src=\"https:\/\/piotrwolanski.pl\/wp-content\/uploads\/2023\/02\/Obraz38.jpg\" class=\"attachment-full size-full\" alt=\"\" aria-describedby=\"gallery-1-781\" srcset=\"https:\/\/piotrwolanski.pl\/wp-content\/uploads\/2023\/02\/Obraz38.jpg 1386w, https:\/\/piotrwolanski.pl\/wp-content\/uploads\/2023\/02\/Obraz38-300x218.jpg 300w, https:\/\/piotrwolanski.pl\/wp-content\/uploads\/2023\/02\/Obraz38-1024x743.jpg 1024w, https:\/\/piotrwolanski.pl\/wp-content\/uploads\/2023\/02\/Obraz38-768x557.jpg 768w, https:\/\/piotrwolanski.pl\/wp-content\/uploads\/2023\/02\/Obraz38-18x12.jpg 18w\" sizes=\"(max-width: 1386px) 100vw, 1386px\" \/><\/a>\n\t\t\t<\/div>\n\t\t\t\t<figcaption class='wp-caption-text gallery-caption' id='gallery-1-781'>\n\t\t\t\tCeremony of awarding Warsaw University of Technology Medal \u2013No-39 with the Rector of the University prof. Jan Szmidt (2014)\n\t\t\t\t<\/figcaption><\/figure><figure class='gallery-item'>\n\t\t\t<div class='gallery-icon landscape'>\n\t\t\t\t<a data-elementor-open-lightbox=\"yes\" data-elementor-lightbox-slideshow=\"2855cd8\" data-elementor-lightbox-title=\"Obraz39\" data-elementor-lightbox-description=\"Z prof. T. Fujiwar\u0105 i Dr Y. Oka w u JM. Rektora AGH prof. A. Tajdusia w Krakowie (2005)\" data-e-action-hash=\"#elementor-action%3Aaction%3Dlightbox%26settings%3DeyJpZCI6NzgyLCJ1cmwiOiJodHRwczpcL1wvcGlvdHJ3b2xhbnNraS5wbFwvd3AtY29udGVudFwvdXBsb2Fkc1wvMjAyM1wvMDJcL09icmF6MzkuanBnIiwic2xpZGVzaG93IjoiMjg1NWNkOCJ9\" href='https:\/\/piotrwolanski.pl\/wp-content\/uploads\/2023\/02\/Obraz39.jpg'><img decoding=\"async\" width=\"1386\" height=\"1040\" src=\"https:\/\/piotrwolanski.pl\/wp-content\/uploads\/2023\/02\/Obraz39.jpg\" class=\"attachment-full size-full\" alt=\"\" aria-describedby=\"gallery-1-782\" srcset=\"https:\/\/piotrwolanski.pl\/wp-content\/uploads\/2023\/02\/Obraz39.jpg 1386w, https:\/\/piotrwolanski.pl\/wp-content\/uploads\/2023\/02\/Obraz39-300x225.jpg 300w, https:\/\/piotrwolanski.pl\/wp-content\/uploads\/2023\/02\/Obraz39-1024x768.jpg 1024w, https:\/\/piotrwolanski.pl\/wp-content\/uploads\/2023\/02\/Obraz39-768x576.jpg 768w, https:\/\/piotrwolanski.pl\/wp-content\/uploads\/2023\/02\/Obraz39-16x12.jpg 16w\" sizes=\"(max-width: 1386px) 100vw, 1386px\" \/><\/a>\n\t\t\t<\/div>\n\t\t\t\t<figcaption class='wp-caption-text gallery-caption' id='gallery-1-782'>\n\t\t\t\tWith prof. T. Fujiwara and dr Y. Ota during visit the JM Rector of the Academia of Mining and Industry prof. A. Tajdu\u015b in Krak\u00f3w (2005)\n\t\t\t\t<\/figcaption><\/figure><figure class='gallery-item'>\n\t\t\t<div class='gallery-icon landscape'>\n\t\t\t\t<a data-elementor-open-lightbox=\"yes\" data-elementor-lightbox-slideshow=\"2855cd8\" data-elementor-lightbox-title=\"Obraz40\" data-elementor-lightbox-description=\"Z prof. T. Fujiwar\u0105 i dr Y. Oka podczas wizyty u Prezydenta Krakowa prof. Jacka Majchrowskiego (2005)\" data-e-action-hash=\"#elementor-action%3Aaction%3Dlightbox%26settings%3DeyJpZCI6NzgzLCJ1cmwiOiJodHRwczpcL1wvcGlvdHJ3b2xhbnNraS5wbFwvd3AtY29udGVudFwvdXBsb2Fkc1wvMjAyM1wvMDJcL09icmF6NDAuanBnIiwic2xpZGVzaG93IjoiMjg1NWNkOCJ9\" href='https:\/\/piotrwolanski.pl\/wp-content\/uploads\/2023\/02\/Obraz40.jpg'><img loading=\"lazy\" decoding=\"async\" width=\"1386\" height=\"1039\" src=\"https:\/\/piotrwolanski.pl\/wp-content\/uploads\/2023\/02\/Obraz40.jpg\" class=\"attachment-full size-full\" alt=\"\" aria-describedby=\"gallery-1-783\" srcset=\"https:\/\/piotrwolanski.pl\/wp-content\/uploads\/2023\/02\/Obraz40.jpg 1386w, https:\/\/piotrwolanski.pl\/wp-content\/uploads\/2023\/02\/Obraz40-300x225.jpg 300w, https:\/\/piotrwolanski.pl\/wp-content\/uploads\/2023\/02\/Obraz40-1024x768.jpg 1024w, https:\/\/piotrwolanski.pl\/wp-content\/uploads\/2023\/02\/Obraz40-768x576.jpg 768w, https:\/\/piotrwolanski.pl\/wp-content\/uploads\/2023\/02\/Obraz40-16x12.jpg 16w\" sizes=\"(max-width: 1386px) 100vw, 1386px\" \/><\/a>\n\t\t\t<\/div>\n\t\t\t\t<figcaption class='wp-caption-text gallery-caption' id='gallery-1-783'>\n\t\t\t\tWith prof. T. Fujiwar\u0105 and Dr Y. Oka during visit to President of Krak\u00f3w prof. Jacek Majchrowski (2005)\n\t\t\t\t<\/figcaption><\/figure><figure class='gallery-item'>\n\t\t\t<div class='gallery-icon landscape'>\n\t\t\t\t<a data-elementor-open-lightbox=\"yes\" data-elementor-lightbox-slideshow=\"2855cd8\" data-elementor-lightbox-title=\"Obraz41\" data-elementor-lightbox-description=\"Z prof. T. Fujiwar\u0105 i Dr Y. Oka oraz JM Rektorem Uniwersytetu Jagielo\u0144skiego prof. Karolem Musio\u0142em  w Kolegium Majus UJ w Krakowie (2005)\" data-e-action-hash=\"#elementor-action%3Aaction%3Dlightbox%26settings%3DeyJpZCI6Nzg0LCJ1cmwiOiJodHRwczpcL1wvcGlvdHJ3b2xhbnNraS5wbFwvd3AtY29udGVudFwvdXBsb2Fkc1wvMjAyM1wvMDJcL09icmF6NDEuanBnIiwic2xpZGVzaG93IjoiMjg1NWNkOCJ9\" href='https:\/\/piotrwolanski.pl\/wp-content\/uploads\/2023\/02\/Obraz41.jpg'><img loading=\"lazy\" decoding=\"async\" width=\"1386\" height=\"1040\" src=\"https:\/\/piotrwolanski.pl\/wp-content\/uploads\/2023\/02\/Obraz41.jpg\" class=\"attachment-full size-full\" alt=\"\" aria-describedby=\"gallery-1-784\" srcset=\"https:\/\/piotrwolanski.pl\/wp-content\/uploads\/2023\/02\/Obraz41.jpg 1386w, https:\/\/piotrwolanski.pl\/wp-content\/uploads\/2023\/02\/Obraz41-300x225.jpg 300w, https:\/\/piotrwolanski.pl\/wp-content\/uploads\/2023\/02\/Obraz41-1024x768.jpg 1024w, https:\/\/piotrwolanski.pl\/wp-content\/uploads\/2023\/02\/Obraz41-768x576.jpg 768w, https:\/\/piotrwolanski.pl\/wp-content\/uploads\/2023\/02\/Obraz41-16x12.jpg 16w\" sizes=\"(max-width: 1386px) 100vw, 1386px\" \/><\/a>\n\t\t\t<\/div>\n\t\t\t\t<figcaption class='wp-caption-text gallery-caption' id='gallery-1-784'>\n\t\t\t\tWith prof. T. Fujiwara and dr Y. Ota and JM Rector of the Jagiellonia University Karol Musia\u0142 in the University\u2019s Kollegium Mayus in Krak\u00f3w (2005)\n\t\t\t\t<\/figcaption><\/figure><figure class='gallery-item'>\n\t\t\t<div class='gallery-icon landscape'>\n\t\t\t\t<a data-elementor-open-lightbox=\"yes\" data-elementor-lightbox-slideshow=\"2855cd8\" data-elementor-lightbox-title=\"Obraz42\" data-elementor-lightbox-description=\"W Arizonie, USA na kraw\u0119dzi krateru meteorytowego (1991)\" data-e-action-hash=\"#elementor-action%3Aaction%3Dlightbox%26settings%3DeyJpZCI6Nzg1LCJ1cmwiOiJodHRwczpcL1wvcGlvdHJ3b2xhbnNraS5wbFwvd3AtY29udGVudFwvdXBsb2Fkc1wvMjAyM1wvMDJcL09icmF6NDIuanBnIiwic2xpZGVzaG93IjoiMjg1NWNkOCJ9\" href='https:\/\/piotrwolanski.pl\/wp-content\/uploads\/2023\/02\/Obraz42.jpg'><img loading=\"lazy\" decoding=\"async\" width=\"1723\" height=\"1156\" src=\"https:\/\/piotrwolanski.pl\/wp-content\/uploads\/2023\/02\/Obraz42.jpg\" class=\"attachment-full size-full\" alt=\"\" aria-describedby=\"gallery-1-785\" srcset=\"https:\/\/piotrwolanski.pl\/wp-content\/uploads\/2023\/02\/Obraz42.jpg 1723w, https:\/\/piotrwolanski.pl\/wp-content\/uploads\/2023\/02\/Obraz42-300x201.jpg 300w, https:\/\/piotrwolanski.pl\/wp-content\/uploads\/2023\/02\/Obraz42-1024x687.jpg 1024w, https:\/\/piotrwolanski.pl\/wp-content\/uploads\/2023\/02\/Obraz42-768x515.jpg 768w, https:\/\/piotrwolanski.pl\/wp-content\/uploads\/2023\/02\/Obraz42-1536x1031.jpg 1536w, https:\/\/piotrwolanski.pl\/wp-content\/uploads\/2023\/02\/Obraz42-18x12.jpg 18w\" sizes=\"(max-width: 1723px) 100vw, 1723px\" \/><\/a>\n\t\t\t<\/div>\n\t\t\t\t<figcaption class='wp-caption-text gallery-caption' id='gallery-1-785'>\n\t\t\t\tOn the rim of the meteor crater in Arizona, USA, (1991)\n\t\t\t\t<\/figcaption><\/figure><figure class='gallery-item'>\n\t\t\t<div class='gallery-icon landscape'>\n\t\t\t\t<a data-elementor-open-lightbox=\"yes\" data-elementor-lightbox-slideshow=\"2855cd8\" data-elementor-lightbox-title=\"Obraz43\" data-elementor-lightbox-description=\"Z Genera\u0142em Broni Lechem Majewskim w stolicy Brazylii (2015)\" data-e-action-hash=\"#elementor-action%3Aaction%3Dlightbox%26settings%3DeyJpZCI6Nzg2LCJ1cmwiOiJodHRwczpcL1wvcGlvdHJ3b2xhbnNraS5wbFwvd3AtY29udGVudFwvdXBsb2Fkc1wvMjAyM1wvMDJcL09icmF6NDMuanBnIiwic2xpZGVzaG93IjoiMjg1NWNkOCJ9\" href='https:\/\/piotrwolanski.pl\/wp-content\/uploads\/2023\/02\/Obraz43.jpg'><img loading=\"lazy\" decoding=\"async\" width=\"1386\" height=\"779\" src=\"https:\/\/piotrwolanski.pl\/wp-content\/uploads\/2023\/02\/Obraz43.jpg\" class=\"attachment-full size-full\" alt=\"\" aria-describedby=\"gallery-1-786\" srcset=\"https:\/\/piotrwolanski.pl\/wp-content\/uploads\/2023\/02\/Obraz43.jpg 1386w, https:\/\/piotrwolanski.pl\/wp-content\/uploads\/2023\/02\/Obraz43-300x169.jpg 300w, https:\/\/piotrwolanski.pl\/wp-content\/uploads\/2023\/02\/Obraz43-1024x576.jpg 1024w, https:\/\/piotrwolanski.pl\/wp-content\/uploads\/2023\/02\/Obraz43-768x432.jpg 768w, https:\/\/piotrwolanski.pl\/wp-content\/uploads\/2023\/02\/Obraz43-18x10.jpg 18w, https:\/\/piotrwolanski.pl\/wp-content\/uploads\/2023\/02\/Obraz43-800x450.jpg 800w\" sizes=\"(max-width: 1386px) 100vw, 1386px\" \/><\/a>\n\t\t\t<\/div>\n\t\t\t\t<figcaption class='wp-caption-text gallery-caption' id='gallery-1-786'>\n\t\t\t\tWith the 3 Stars General Lech Majewski i capitol of the Brasilia (2015) \n\t\t\t\t<\/figcaption><\/figure>\n\t\t<\/div>\n\t\t<\/div>\n\t\t\t\t\t\t<\/div>\n\t\t\t\t<\/div>\n\t\t\t\t\t<\/div>\n\t\t<\/div>\n\t\t\t\t\t<\/div>\n\t\t<\/section>\n\t\t\t\t<\/div>","protected":false},"excerpt":{"rendered":"<p>R\u00f3\u017cne Z przewodnicz\u0105cym delegacji Nigerii oraz cz\u0142onkami delegacji Polskiej w ONZ w Wiedniu Uroczysto\u015b\u0107 przyznania Medalu Politechniki Warszawskiej \u2013 Nr.39, z JM Rektorem PW Prof. Janem Szmidtem (2014) Z prof. T. Fujiwar\u0105 i Dr Y. Oka w u JM. Rektora AGH prof. A. Tajdusia w Krakowie (2005) Z prof. T. Fujiwar\u0105 i dr Y. Oka [&hellip;]<\/p>","protected":false},"author":2,"featured_media":0,"parent":651,"menu_order":0,"comment_status":"closed","ping_status":"closed","template":"elementor_header_footer","meta":{"ocean_post_layout":"full-width","ocean_both_sidebars_style":"","ocean_both_sidebars_content_width":0,"ocean_both_sidebars_sidebars_width":0,"ocean_sidebar":"0","ocean_second_sidebar":"0","ocean_disable_margins":"on","ocean_add_body_class":"","ocean_shortcode_before_top_bar":"","ocean_shortcode_after_top_bar":"","ocean_shortcode_before_header":"","ocean_shortcode_after_header":"","ocean_has_shortcode":"","ocean_shortcode_after_title":"","ocean_shortcode_before_footer_widgets":"","ocean_shortcode_after_footer_widgets":"","ocean_shortcode_before_footer_bottom":"","ocean_shortcode_after_footer_bottom":"","ocean_display_top_bar":"default","ocean_display_header":"default","ocean_header_style":"","ocean_center_header_left_menu":"0","ocean_custom_header_template":"0","ocean_custom_logo":0,"ocean_custom_retina_logo":0,"ocean_custom_logo_max_width":0,"ocean_custom_logo_tablet_max_width":0,"ocean_custom_logo_mobile_max_width":0,"ocean_custom_logo_max_height":0,"ocean_custom_logo_tablet_max_height":0,"ocean_custom_logo_mobile_max_height":0,"ocean_header_custom_menu":"0","ocean_menu_typo_font_family":"0","ocean_menu_typo_font_subset":"","ocean_menu_typo_font_size":0,"ocean_menu_typo_font_size_tablet":0,"ocean_menu_typo_font_size_mobile":0,"ocean_menu_typo_font_size_unit":"px","ocean_menu_typo_font_weight":"","ocean_menu_typo_font_weight_tablet":"","ocean_menu_typo_font_weight_mobile":"","ocean_menu_typo_transform":"","ocean_menu_typo_transform_tablet":"","ocean_menu_typo_transform_mobile":"","ocean_menu_typo_line_height":0,"ocean_menu_typo_line_height_tablet":0,"ocean_menu_typo_line_height_mobile":0,"ocean_menu_typo_line_height_unit":"","ocean_menu_typo_spacing":0,"ocean_menu_typo_spacing_tablet":0,"ocean_menu_typo_spacing_mobile":0,"ocean_menu_typo_spacing_unit":"","ocean_menu_link_color":"","ocean_menu_link_color_hover":"","ocean_menu_link_color_active":"","ocean_menu_link_background":"","ocean_menu_link_hover_background":"","ocean_menu_link_active_background":"","ocean_menu_social_links_bg":"","ocean_menu_social_hover_links_bg":"","ocean_menu_social_links_color":"","ocean_menu_social_hover_links_color":"","ocean_disable_title":"default","ocean_disable_heading":"default","ocean_post_title":"","ocean_post_subheading":"","ocean_post_title_style":"","ocean_post_title_background_color":"","ocean_post_title_background":0,"ocean_post_title_bg_image_position":"","ocean_post_title_bg_image_attachment":"","ocean_post_title_bg_image_repeat":"","ocean_post_title_bg_image_size":"","ocean_post_title_height":0,"ocean_post_title_bg_overlay":0.5,"ocean_post_title_bg_overlay_color":"","ocean_disable_breadcrumbs":"default","ocean_breadcrumbs_color":"","ocean_breadcrumbs_separator_color":"","ocean_breadcrumbs_links_color":"","ocean_breadcrumbs_links_hover_color":"","ocean_display_footer_widgets":"off","ocean_display_footer_bottom":"off","ocean_custom_footer_template":"0","footnotes":""},"class_list":["post-759","page","type-page","status-publish","hentry","entry"],"_links":{"self":[{"href":"https:\/\/piotrwolanski.pl\/en\/wp-json\/wp\/v2\/pages\/759","targetHints":{"allow":["GET"]}}],"collection":[{"href":"https:\/\/piotrwolanski.pl\/en\/wp-json\/wp\/v2\/pages"}],"about":[{"href":"https:\/\/piotrwolanski.pl\/en\/wp-json\/wp\/v2\/types\/page"}],"author":[{"embeddable":true,"href":"https:\/\/piotrwolanski.pl\/en\/wp-json\/wp\/v2\/users\/2"}],"replies":[{"embeddable":true,"href":"https:\/\/piotrwolanski.pl\/en\/wp-json\/wp\/v2\/comments?post=759"}],"version-history":[{"count":8,"href":"https:\/\/piotrwolanski.pl\/en\/wp-json\/wp\/v2\/pages\/759\/revisions"}],"predecessor-version":[{"id":792,"href":"https:\/\/piotrwolanski.pl\/en\/wp-json\/wp\/v2\/pages\/759\/revisions\/792"}],"up":[{"embeddable":true,"href":"https:\/\/piotrwolanski.pl\/en\/wp-json\/wp\/v2\/pages\/651"}],"wp:attachment":[{"href":"https:\/\/piotrwolanski.pl\/en\/wp-json\/wp\/v2\/media?parent=759"}],"curies":[{"name":"wp","href":"https:\/\/api.w.org\/{rel}","templated":true}]}}