{"id":553,"date":"2023-01-16T18:14:47","date_gmt":"2023-01-16T17:14:47","guid":{"rendered":"https:\/\/piotrwolanski.pl\/?page_id=553"},"modified":"2023-01-17T12:32:30","modified_gmt":"2023-01-17T11:32:30","slug":"nagrody-i-wyroznienia","status":"publish","type":"page","link":"https:\/\/piotrwolanski.pl\/en\/osiagniecia\/nagrody-i-wyroznienia\/","title":{"rendered":"Awards and Nominations:"},"content":{"rendered":"<div data-elementor-type=\"wp-page\" data-elementor-id=\"553\" class=\"elementor elementor-553\" data-elementor-settings=\"{&quot;ha_cmc_init_switcher&quot;:&quot;no&quot;}\">\n\t\t\t\t\t\t<section class=\"elementor-section elementor-top-section elementor-element elementor-element-24be43f elementor-section-boxed elementor-section-height-default elementor-section-height-default\" data-id=\"24be43f\" data-element_type=\"section\" data-settings=\"{&quot;background_background&quot;:&quot;classic&quot;,&quot;_ha_eqh_enable&quot;:false}\">\n\t\t\t\t\t\t<div class=\"elementor-container elementor-column-gap-default\">\n\t\t\t\t\t<div class=\"elementor-column elementor-col-100 elementor-top-column elementor-element elementor-element-b3de6ef\" data-id=\"b3de6ef\" data-element_type=\"column\">\n\t\t\t<div class=\"elementor-widget-wrap elementor-element-populated\">\n\t\t\t\t\t\t<div class=\"elementor-element elementor-element-fc0880b elementor-widget-divider--view-line elementor-widget elementor-widget-divider\" data-id=\"fc0880b\" data-element_type=\"widget\" data-widget_type=\"divider.default\">\n\t\t\t\t<div class=\"elementor-widget-container\">\n\t\t\t\t\t\t\t<div class=\"elementor-divider\">\n\t\t\t<span class=\"elementor-divider-separator\">\n\t\t\t\t\t\t<\/span>\n\t\t<\/div>\n\t\t\t\t\t\t<\/div>\n\t\t\t\t<\/div>\n\t\t\t\t<div class=\"elementor-element elementor-element-92fca46 ha-has-bg-overlay elementor-invisible elementor-widget elementor-widget-text-editor\" data-id=\"92fca46\" data-element_type=\"widget\" data-settings=\"{&quot;_animation&quot;:&quot;fadeIn&quot;}\" data-widget_type=\"text-editor.default\">\n\t\t\t\t<div class=\"elementor-widget-container\">\n\t\t\t\t\t\t\t\t\t<h2>Most Important Awards\/Nominations:<\/h2>\t\t\t\t\t\t\t\t<\/div>\n\t\t\t\t<\/div>\n\t\t\t\t<div class=\"elementor-element elementor-element-df64e98 elementor-widget elementor-widget-text-editor\" data-id=\"df64e98\" data-element_type=\"widget\" data-widget_type=\"text-editor.default\">\n\t\t\t\t<div class=\"elementor-widget-container\">\n\t\t\t\t\t\t\t\t\t<ul>\n \t<li>Golden Cross of Merit, awarded by the President of Poland for the outstanding twenty  years work in education-1987;\n<li>Recipient of the A.K. Oppenheim Price, ICDERS, in Ann Arbor, USA, for   brilliant contribution to explosion science-1989;\n<li>Recipient of the Dionizy Smolenski Medal, awarded by the Committee of Thermodynamics and Combustion of the Polish Academy of Sciences - 1997;\n<li>Doctor Honoris Causa of the Azerbaijan Technical University, Baku -1997;\n<li>Medal of the Commission of National Education-2000;\n<li>Golden Cross for contribution to National Defense -2001;\n<li>Waclaw Cybulski Medal, awarded by the Committee of Thermodynamics and Combustion of the Polish Academy of Sciences -2012;\n<li>Knight's Cross of the Order of the Revival of Poland, Polonia Restituta\u2013 awarded by President of Poland for achievements in scientific research and education-2005;\n<li>Recipient of Minister of Science and Higher Education Award for Whole Scientific Research-2012;\n<li>Doctor Honoris Causa of the Military University of Technology, Warsaw -2015;\n<li>Medal (No.39) of Warsaw University of Technology -2015;\n<li>Business Innovation Award \u2013 VI Forum Innowacji, Rzesz\u00f3w, 2015;\n<li>Fellow of the Combustion Institute \u2013 2018.\n<li>Since 20220, in the \u201cWorld\u2019s TOP 2% Scientists\u201d, evaluated by Stanford University in cooperation with Elsevier and the SciTech Strategies.\n<\/li>\n<\/ul>\t\t\t\t\t\t\t\t<\/div>\n\t\t\t\t<\/div>\n\t\t\t\t<div class=\"elementor-element elementor-element-4af010f elementor-widget-divider--view-line elementor-widget elementor-widget-divider\" data-id=\"4af010f\" data-element_type=\"widget\" data-widget_type=\"divider.default\">\n\t\t\t\t<div class=\"elementor-widget-container\">\n\t\t\t\t\t\t\t<div class=\"elementor-divider\">\n\t\t\t<span class=\"elementor-divider-separator\">\n\t\t\t\t\t\t<\/span>\n\t\t<\/div>\n\t\t\t\t\t\t<\/div>\n\t\t\t\t<\/div>\n\t\t\t\t\t<\/div>\n\t\t<\/div>\n\t\t\t\t\t<\/div>\n\t\t<\/section>\n\t\t\t\t<\/div>","protected":false},"excerpt":{"rendered":"<p>Najwa\u017cniejsze odznaczenie\/wyr\u00f3\u017cnienia Z\u0142oty Krzy\u017c Zas\u0142ugi, Przyznany prze Prezydenta za \u201eosi\u0105gni\u0119cia w dwudziestoletniej pracy nauczyciela akademickiego\u201d -1987; Uhonorowany pierwszym medalem \u201cA.K. Oppenheim Price\u201d, ICDERS, w Ann Arbor, USA, za wk\u0142ad w badania wybuch\u00f3w -1989; Medal imienia \u201cDionizego Smole\u0144skiego\u201d przyznany przez Komitet Termodynamiki i Spalania PAN &#8211; 1997; Doktorat Honoris Causa przyznany przez Azerbaijan Technical University, Baku [&hellip;]<\/p>","protected":false},"author":2,"featured_media":0,"parent":136,"menu_order":0,"comment_status":"closed","ping_status":"closed","template":"","meta":{"ocean_post_layout":"full-screen","ocean_both_sidebars_style":"","ocean_both_sidebars_content_width":0,"ocean_both_sidebars_sidebars_width":0,"ocean_sidebar":"0","ocean_second_sidebar":"0","ocean_disable_margins":"enable","ocean_add_body_class":"","ocean_shortcode_before_top_bar":"","ocean_shortcode_after_top_bar":"","ocean_shortcode_before_header":"","ocean_shortcode_after_header":"","ocean_has_shortcode":"","ocean_shortcode_after_title":"","ocean_shortcode_before_footer_widgets":"","ocean_shortcode_after_footer_widgets":"","ocean_shortcode_before_footer_bottom":"","ocean_shortcode_after_footer_bottom":"","ocean_display_top_bar":"off","ocean_display_header":"off","ocean_header_style":"","ocean_center_header_left_menu":"0","ocean_custom_header_template":"0","ocean_custom_logo":0,"ocean_custom_retina_logo":0,"ocean_custom_logo_max_width":0,"ocean_custom_logo_tablet_max_width":0,"ocean_custom_logo_mobile_max_width":0,"ocean_custom_logo_max_height":0,"ocean_custom_logo_tablet_max_height":0,"ocean_custom_logo_mobile_max_height":0,"ocean_header_custom_menu":"0","ocean_menu_typo_font_family":"0","ocean_menu_typo_font_subset":"","ocean_menu_typo_font_size":0,"ocean_menu_typo_font_size_tablet":0,"ocean_menu_typo_font_size_mobile":0,"ocean_menu_typo_font_size_unit":"px","ocean_menu_typo_font_weight":"","ocean_menu_typo_font_weight_tablet":"","ocean_menu_typo_font_weight_mobile":"","ocean_menu_typo_transform":"","ocean_menu_typo_transform_tablet":"","ocean_menu_typo_transform_mobile":"","ocean_menu_typo_line_height":0,"ocean_menu_typo_line_height_tablet":0,"ocean_menu_typo_line_height_mobile":0,"ocean_menu_typo_line_height_unit":"","ocean_menu_typo_spacing":0,"ocean_menu_typo_spacing_tablet":0,"ocean_menu_typo_spacing_mobile":0,"ocean_menu_typo_spacing_unit":"","ocean_menu_link_color":"","ocean_menu_link_color_hover":"","ocean_menu_link_color_active":"","ocean_menu_link_background":"","ocean_menu_link_hover_background":"","ocean_menu_link_active_background":"","ocean_menu_social_links_bg":"","ocean_menu_social_hover_links_bg":"","ocean_menu_social_links_color":"","ocean_menu_social_hover_links_color":"","ocean_disable_title":"default","ocean_disable_heading":"default","ocean_post_title":"","ocean_post_subheading":"","ocean_post_title_style":"","ocean_post_title_background_color":"","ocean_post_title_background":0,"ocean_post_title_bg_image_position":"","ocean_post_title_bg_image_attachment":"","ocean_post_title_bg_image_repeat":"","ocean_post_title_bg_image_size":"","ocean_post_title_height":0,"ocean_post_title_bg_overlay":0.5,"ocean_post_title_bg_overlay_color":"","ocean_disable_breadcrumbs":"default","ocean_breadcrumbs_color":"","ocean_breadcrumbs_separator_color":"","ocean_breadcrumbs_links_color":"","ocean_breadcrumbs_links_hover_color":"","ocean_display_footer_widgets":"default","ocean_display_footer_bottom":"default","ocean_custom_footer_template":"0","footnotes":""},"class_list":["post-553","page","type-page","status-publish","hentry","entry"],"_links":{"self":[{"href":"https:\/\/piotrwolanski.pl\/en\/wp-json\/wp\/v2\/pages\/553","targetHints":{"allow":["GET"]}}],"collection":[{"href":"https:\/\/piotrwolanski.pl\/en\/wp-json\/wp\/v2\/pages"}],"about":[{"href":"https:\/\/piotrwolanski.pl\/en\/wp-json\/wp\/v2\/types\/page"}],"author":[{"embeddable":true,"href":"https:\/\/piotrwolanski.pl\/en\/wp-json\/wp\/v2\/users\/2"}],"replies":[{"embeddable":true,"href":"https:\/\/piotrwolanski.pl\/en\/wp-json\/wp\/v2\/comments?post=553"}],"version-history":[{"count":13,"href":"https:\/\/piotrwolanski.pl\/en\/wp-json\/wp\/v2\/pages\/553\/revisions"}],"predecessor-version":[{"id":569,"href":"https:\/\/piotrwolanski.pl\/en\/wp-json\/wp\/v2\/pages\/553\/revisions\/569"}],"up":[{"embeddable":true,"href":"https:\/\/piotrwolanski.pl\/en\/wp-json\/wp\/v2\/pages\/136"}],"wp:attachment":[{"href":"https:\/\/piotrwolanski.pl\/en\/wp-json\/wp\/v2\/media?parent=553"}],"curies":[{"name":"wp","href":"https:\/\/api.w.org\/{rel}","templated":true}]}}